{"id":1090,"date":"2021-07-30T10:10:45","date_gmt":"2021-07-30T10:10:45","guid":{"rendered":"https:\/\/hotelperladelsur.com\/privacy-policy\/"},"modified":"2021-07-30T10:10:45","modified_gmt":"2021-07-30T10:10:45","slug":"privacy-policy","status":"publish","type":"page","link":"https:\/\/hotelperladelsur.com\/en\/privacy-policy\/","title":{"rendered":"Privacy Policy"},"content":{"rendered":"\t\t<div data-elementor-type=\"wp-page\" data-elementor-id=\"1090\" class=\"elementor elementor-1090 elementor-51\" data-elementor-post-type=\"page\">\n\t\t\t\t\t\t\t\t\t<section class=\"elementor-section elementor-top-section elementor-element elementor-element-59e9f3a4 elementor-section-boxed elementor-section-height-default elementor-section-height-default\" data-id=\"59e9f3a4\" data-element_type=\"section\" data-settings=\"{&quot;background_background&quot;:&quot;classic&quot;}\">\n\t\t\t\t\t\t\t<div class=\"elementor-background-overlay\"><\/div>\n\t\t\t\t\t\t\t<div class=\"elementor-container elementor-column-gap-default\">\n\t\t\t\t\t<div class=\"elementor-column elementor-col-100 elementor-top-column elementor-element elementor-element-6286f470\" data-id=\"6286f470\" data-element_type=\"column\">\n\t\t\t<div class=\"elementor-widget-wrap elementor-element-populated\">\n\t\t\t\t\t\t\t\t<div class=\"elementor-element elementor-element-49795b60 elementor-widget elementor-widget-heading\" data-id=\"49795b60\" data-element_type=\"widget\" data-widget_type=\"heading.default\">\n\t\t\t\t<div class=\"elementor-widget-container\">\n\t\t\t<style>\/*! elementor - v3.14.0 - 26-06-2023 *\/\n.elementor-heading-title{padding:0;margin:0;line-height:1}.elementor-widget-heading .elementor-heading-title[class*=elementor-size-]>a{color:inherit;font-size:inherit;line-height:inherit}.elementor-widget-heading .elementor-heading-title.elementor-size-small{font-size:15px}.elementor-widget-heading .elementor-heading-title.elementor-size-medium{font-size:19px}.elementor-widget-heading .elementor-heading-title.elementor-size-large{font-size:29px}.elementor-widget-heading .elementor-heading-title.elementor-size-xl{font-size:39px}.elementor-widget-heading .elementor-heading-title.elementor-size-xxl{font-size:59px}<\/style><h1 class=\"elementor-heading-title elementor-size-default\"><strong>Privacy Policy<\/strong><\/h1>\t\t<\/div>\n\t\t\t\t<\/div>\n\t\t\t\t\t<\/div>\n\t\t<\/div>\n\t\t\t\t\t\t\t<\/div>\n\t\t<\/section>\n\t\t\t\t<section class=\"elementor-section elementor-top-section elementor-element elementor-element-7a6efc00 elementor-section-boxed elementor-section-height-default elementor-section-height-default\" data-id=\"7a6efc00\" data-element_type=\"section\" data-settings=\"{&quot;background_background&quot;:&quot;classic&quot;}\">\n\t\t\t\t\t\t<div class=\"elementor-container elementor-column-gap-default\">\n\t\t\t\t\t<div class=\"elementor-column elementor-col-100 elementor-top-column elementor-element elementor-element-2d09c915\" data-id=\"2d09c915\" data-element_type=\"column\">\n\t\t\t<div class=\"elementor-widget-wrap elementor-element-populated\">\n\t\t\t\t\t\t\t\t<section class=\"elementor-section elementor-inner-section elementor-element elementor-element-a5890d6 elementor-section-boxed elementor-section-height-default elementor-section-height-default\" data-id=\"a5890d6\" data-element_type=\"section\">\n\t\t\t\t\t\t<div class=\"elementor-container elementor-column-gap-default\">\n\t\t\t\t\t<div class=\"elementor-column elementor-col-100 elementor-inner-column elementor-element elementor-element-597cb2d2\" data-id=\"597cb2d2\" data-element_type=\"column\">\n\t\t\t<div class=\"elementor-widget-wrap elementor-element-populated\">\n\t\t\t\t\t\t\t\t<div class=\"elementor-element elementor-element-6a4e120a elementor-widget elementor-widget-text-editor\" data-id=\"6a4e120a\" data-element_type=\"widget\" data-widget_type=\"text-editor.default\">\n\t\t\t\t<div class=\"elementor-widget-container\">\n\t\t\t<style>\/*! elementor - v3.14.0 - 26-06-2023 *\/\n.elementor-widget-text-editor.elementor-drop-cap-view-stacked .elementor-drop-cap{background-color:#69727d;color:#fff}.elementor-widget-text-editor.elementor-drop-cap-view-framed .elementor-drop-cap{color:#69727d;border:3px solid;background-color:transparent}.elementor-widget-text-editor:not(.elementor-drop-cap-view-default) .elementor-drop-cap{margin-top:8px}.elementor-widget-text-editor:not(.elementor-drop-cap-view-default) .elementor-drop-cap-letter{width:1em;height:1em}.elementor-widget-text-editor .elementor-drop-cap{float:left;text-align:center;line-height:1;font-size:50px}.elementor-widget-text-editor .elementor-drop-cap-letter{display:inline-block}<\/style>\t\t\t\t<p><span style=\"color: var( --e-global-color-text ); font-family: var( --e-global-typography-text-font-family ), Sans-serif; font-weight: var( --e-global-typography-text-font-weight );\">Esta p\u00e1gina web es propiedad de COSTA PIEL 2019 SL, con\u00a0<\/span><span style=\"color: var( --e-global-color-text ); font-family: var( --e-global-typography-text-font-family ), Sans-serif; font-weight: var( --e-global-typography-text-font-weight );\">CIF n\u00famero B93717171,\u00a0<\/span><span style=\"color: var( --e-global-color-text ); font-family: var( --e-global-typography-text-font-family ), Sans-serif; font-weight: var( --e-global-typography-text-font-weight );\">Inscrita en el Registro Mercantil de M\u00e1laga al tomo _____ libro __. Secci\u00f3n de Sociedades Limitadas, Folio ___, Hoja ___.<\/span><\/p>\n<p>El acceso y el uso de la P\u00e1gina web dela empresa quedar\u00e1 sujeto a las presentes condiciones generales. La utilizaci\u00f3n en todas las p\u00e1ginas web de titularidad de la empresa supone la aceptaci\u00f3n plena por el Usuario de todas las Condiciones Generales de Uso vigentes en cada momento en que el usuario acceda al mismo.<br \/>la empresa se reserva el derecho a modificar en cualquier momento las presentes Condiciones de Uso.<\/p>\n<p><b>1. Uso de la p\u00e1gina web, servicios y contenidos<\/b><\/p>\n<p>El usuario se obliga a hacer un uso correcto de esta p\u00e1gina, sus servicios y contenidos, sin contravenir los derechos fundamentales, la legislaci\u00f3n vigente, la buena fe, los usos generalmente aceptados, el orden p\u00fablico, y las condiciones particulares de ciertos servicios.<\/p>\n<p>Se proh\u00edbe cualquier uso con fines il\u00edcitos o que vulneren los derechos de la empresa y sus titulares o un tercero, o que de cualquier forma, perjudique al normal funcionamiento de la p\u00e1gina o de cualesquiera equipos inform\u00e1ticos o documentos de cualquier clase contenidos en los mismos.<\/p>\n<p>Respecto de los contenidos (informaciones, textos, gr\u00e1ficos, archivos de sonido y\/o imagen, fotograf\u00edas, dise\u00f1os, etc.) se proh\u00edbe especialmente:<\/p>\n<ul>\n<li>Su reproducci\u00f3n, distribuci\u00f3n o modificaci\u00f3n o de cualquier otra forma su comunicaci\u00f3n p\u00fablica, salvo que se obtenga la autorizaci\u00f3n de sus leg\u00edtimos titulares o que resulte legalmente permitido;<\/li>\n<li>Eliminar o modificar el copyright y dem\u00e1s datos identificativos de la reserva de derechos de la empresa \u00f3 de sus titulares, de las huellas digitales o de cualquier otro medio t\u00e9cnico para su reconocimiento;<\/li>\n<li>Intentar obtener los contenidos de la p\u00e1gina web por un medio distinto a los disponibles para los usuarios o a los habituales en la red, siempre que estos \u00faltimos no causen perjuicio alguno a la p\u00e1gina web de la empresa.<\/li>\n<li>Remitir mensajes o enviar cadenas de mensajes electr\u00f3nicos no solicitados o consentidos por sus destinatarios. Los usuarios o terceros perjudicados por la recepci\u00f3n de mensajes no solicitados podr\u00e1n comunic\u00e1rselo a la empresa remitiendo un mensaje a la siguiente direcci\u00f3n de correo electr\u00f3nico: info@hotelperladelsur.com<\/li>\n<li>Igualmente, se proh\u00edbe utilizar las listas de distribuci\u00f3n as\u00ed como poner a disposici\u00f3n de terceros datos recabados a partir de las mismas, para realizar las actividades se\u00f1aladas anteriormente.<\/li>\n<\/ul>\n<p>Respecto del site, el usuario se compromete, en particular a no transmitir o difundir de terceros informaciones, datos, contenidos, mensajes, gr\u00e1ficos, dibujos, archivos de sonido y\/o imagen, fotograf\u00edas, grabaciones, software y en general cualquier material que:<\/p>\n<ul>\n<li>Induzca o promueva actuaciones delictivas, denigratorias, difamatorias, violentas o en general, contrarias a la ley, a la moral y buenas costumbres generalmente aceptadas, o al orden p\u00fablico; o permita acceder a productos, elementos, mensajes y\/o servicios delictivos, violentos, ofensivos, nocivos, degradantes o, en general, contrarios a la ley, a la moral y a las buenas costumbres generalmente aceptadas, o al orden p\u00fablico;<\/li>\n<li>Sea falso, ambiguo, inexacto, exagerado o extempor\u00e1neo, pudiendo llevar a enga\u00f1o sobre su objeto o sobre las intenciones del comunicante;<\/li>\n<li>Siendo propiedad intelectual o industrial de terceros, se pretenda utilizar sin su previa autorizaci\u00f3n;<\/li>\n<li>Viole los secretos empresariales de terceros o infrinja la normativa sobre el secreto de las comunicaciones;<\/li>\n<li>De cualquier manera menoscabe la reputaci\u00f3n de la empresa o de terceros, o constituya, en su caso, publicidad il\u00edcita, enga\u00f1osa o desleal, y en general competencia desleal;<\/li>\n<li>Incorpore virus u otros elementos f\u00edsicos o electr\u00f3nicos que puedan da\u00f1ar o impedir el normal funcionamiento de la red, del sistema o de equipos inform\u00e1ticos de la empresa o de terceros, o que puedan da\u00f1ar los documentos electr\u00f3nicos y archivos almacenados en dichos equipos;<\/li>\n<li>Contenga etiquetas HTML distintas de aqu\u00e9llas expresamente autorizadas por la empresa.<\/li>\n<\/ul>\n<p><b>2. Propiedad Intelectual e Industrial<\/b><\/p>\n<p><span style=\"color: var( --e-global-color-text ); font-family: var( --e-global-typography-text-font-family ), Sans-serif; font-weight: var( --e-global-typography-text-font-weight );\">Todos los contenidos de las p\u00e1ginas web dela empresa est\u00e1n sometidos a la normativa sobre Propiedad Intelectual y\/o Industrial . Los derechos sobre los contenidos corresponden a la empresa o a terceros en su caso. El usuario s\u00f3lo podr\u00e1 visualizar y obtener una copia privada de los contenidos siempre y cuando dicha copia sea exclusivamente para su uso personal y privado, quedando terminantemente prohibida su utilizaci\u00f3n para fines comerciales.<\/span><\/p>\n<p><b>3. Renuncias y Limitaciones de responsabilidad<\/b><\/p>\n<p>La empresa no ser\u00e1 responsable de la informaci\u00f3n, los servicios y\/o productos ofertados y\/o prestados por terceros a trav\u00e9s de la p\u00e1gina web de la empresa ni de los contenidos proporcionados por terceros. La empresa no se responsabiliza de cualquier da\u00f1o o perjuicio en el software o hardware del usuario que se derive del acceso a la p\u00e1gina web de la empresa o del uso de informaci\u00f3n o aplicaciones en ella contenidas. La empresa no garantiza la idoneidad, fiabilidad, disponibilidad, oportunidad o exactitud de informaci\u00f3n o servicios contenidos en su p\u00e1gina web, ni ser\u00e1 responsable de los da\u00f1os directos o indirectos en relaci\u00f3n con el uso de los contenidos de su pagina web. La empresa no garantiza que los contenidos de su p\u00e1gina sean aptos o disponibles fuera de Espa\u00f1a. En el supuesto de que todo o parte de los contenidos de la p\u00e1gina web de la empresa sean considerados ilegales en pa\u00edses distintos de Espa\u00f1a, queda prohibido el acceso a los mismos y su utilizaci\u00f3n por los usuarios, y en el caso de que este se produzca, ser\u00e1 exclusivamente bajo la responsabilidad de los usuarios, estando estos obligados al cumplimiento de las leyes nacionales de aplicaci\u00f3n. El uso que pueda hacerse de la informaci\u00f3n y contenidos que aparecen en la p\u00e1gina web de la empresa y\/o del acceso a otras p\u00e1ginas web de terceros a trav\u00e9s de conexiones o \u00ablinks\u00bb que aparecen en la p\u00e1gina de la empresa se realizar\u00e1 bajo la exclusiva responsabilidad de aquellos que efect\u00faen este tipo de actos, no siendo la empresa responsable en ning\u00fan caso de los da\u00f1os o perjuicios que puedan derivarse de dichos usos o actividades.<\/p>\n<p><b>4. Pol\u00edtica de Privacidad<\/b><\/p>\n<p>Cuando una persona se registra en la web de la empresa sus datos personales van a formar parte del fichero automatizado de datos de car\u00e1cter personal creado por la empresa bajo su propia responsabilidad, con la finalidad de realizar el mantenimiento y gesti\u00f3n de la relaci\u00f3n con el Usuario, as\u00ed como labores de informaci\u00f3n, investigaci\u00f3n, estad\u00edsticas, formaci\u00f3n y comercializaci\u00f3n, y la realizaci\u00f3n de actividades promocionales y publicitarias tanto de los productos, servicios o actividades relacionadas con la compa\u00f1\u00eda. La empresa se compromete a ceder esos datos personales \u00fanicamente a las entidades de su Grupo de empresas con las finalidades anteriormente indicadas. El Usuario presta su consentimiento para que la empresa pueda hacer uso de sus datos de navegaci\u00f3n por Internet a fin de remitirle, desde el navegador y\/o el m\u00f3dulo de software adicional, a su direcci\u00f3n de mensajer\u00eda interna, informaci\u00f3n y publicidad de la empresa.<\/p>\n<p>La empresa informa al Usuario sobre la posibilidad que le asiste de ejercitar los derechos de acceso, rectificaci\u00f3n, oposici\u00f3n y cancelaci\u00f3n de los datos personales recogidos por la empresa de conformidad con la Ley 15\/1999, de 13 de diciembre, de Protecci\u00f3n de Datos de Car\u00e1cter Personal y dem\u00e1s normativa de desarrollo. Estos derechos de acceso, rectificaci\u00f3n, oposici\u00f3n y cancelaci\u00f3n podr\u00e1n ser ejercitados por el Usuario, y en su caso quien lo represente, mediante solicitud escrita y firmada dirigida a la siguiente direcci\u00f3n. Dicha solicitud deber\u00e1 contener los siguientes datos: nombre y apellidos del Usuario, domicilio a efectos de notificaciones, fotocopia del Documento Nacional de Identidad o Pasaporte, y petici\u00f3n en que se concreta la solicitud. En el caso de representaci\u00f3n, deber\u00e1 probarse la misma mediante documento fehaciente.<\/p>\n<p>Si posteriormente, un Usuario desea revocar su consentimiento otorgado para recibir informaci\u00f3n comercial v\u00eda correo electr\u00f3nico o por cualquier otro medio similar o equivalente, podr\u00e1 comunicarlo, enviando un correo electr\u00f3nico a info@hotelperladelsur.com. La empresa se compromete al cumplimiento de su obligaci\u00f3n de secreto de los datos de car\u00e1cter personal y de su deber de guardarlos, y adoptar\u00e1 las medidas necesarias para evitar su alteraci\u00f3n, p\u00e9rdida, tratamiento o acceso no autorizado, de acuerdo con lo establecido por la normativa vigente en cada momento. La empresa informa de que no realiza comprobaciones sobre la veracidad de los datos, por lo que se atendr\u00e1, en cada caso, a los datos introducidos por el Usuario, sean veraces o no.<\/p>\n<p><b>5. COOKIES<\/b><\/p>\n<p>Asimismo, la empresa informa a los Usuarios de la posible colocaci\u00f3n de \u00abcookies\u00bb a lo largo de la navegaci\u00f3n en el ordenador de los Usuarios, de forma que al navegar por las p\u00e1ginas web, se podr\u00eda llegar a reconocer autom\u00e1ticamente, entre otros, la direcci\u00f3n IP del ordenador de los Usuarios y otros posibles datos de navegaci\u00f3n. El uso de cookies, s\u00f3lo lo ser\u00e1 a efectos de mantenimiento de la sesi\u00f3n de navegaci\u00f3n. En ning\u00fan caso almacenan datos de car\u00e1cter personal. Si los Usuarios no quisieran admitir la cookie, deber\u00e1n eliminar esta posibilidad en las opciones de Usuario de su propio navegador. No obstante lo anterior la empresa no se hace responsable de las irregularidades que la no admisi\u00f3n de la cookie pueda generar durante su navegaci\u00f3n por sus p\u00e1ginas web.<\/p>\n<p><b>6. Registro de visitas<\/b><\/p>\n<p>En cada acceso al servidor de la empresa se recoger\u00e1 la direcci\u00f3n IP desde la que navega el usuario y se registrar\u00e1 el mismo, as\u00ed como las p\u00e1ginas que visite de la empresa . Estos datos ser\u00e1n almacenados en un archivo LOG con fines estad\u00edsticos y para determinar el n\u00famero de p\u00e1ginas vistas en la empresa.<\/p>\n<p><b>7. Hiperenlaces<\/b><\/p>\n<ul>\n<li>El portal de www.hotelperladelsur.com permite acceder a otras p\u00e1ginas web gestionadas y controladas por terceros a trav\u00e9s de diferentes enlaces para facilitar a los usuarios la b\u00fasqueda de informaci\u00f3n, contenidos y servicios de Internet, sin que en ning\u00fan caso pueda considerarse una recomendaci\u00f3n o invitaci\u00f3n para la visita de los mismos.<\/li>\n<\/ul>\n<p>La realizaci\u00f3n de un hiperenlace desde una p\u00e1gina web de otro portal de Internet a cualquiera de las p\u00e1ginas del portal de paraty.es deber\u00e1 someterse a las siguientes condiciones:<\/p>\n<ul>\n<li>Cualquier hiperenlace al portal de www.hotelperladelsur.com se efectuar\u00e1 a su p\u00e1gina principal o p\u00e1ginas principales de las secciones que contiene;<\/li>\n<li>No se permite la reproducci\u00f3n, en ning\u00fan caso, de los servicios o contenidos del portal de la empresa.<\/li>\n<li>La p\u00e1gina web en la que se establezca el hiperenlace no contendr\u00e1 informaciones o contenidos il\u00edcitos, contrarios a la moral, a las buenas costumbres o al orden p\u00fablico, ni proporcionar\u00e1 contenidos contrarios a cualquier derecho de terceros;<\/li>\n<li>No se incluir\u00e1 ninguna manifestaci\u00f3n falsa, inexacta o incorrecta sobre las p\u00e1ginas del portal, ni sobre los servicios o contenidos del mismo;<\/li>\n<li>No se establecer\u00e1n deep-links, ni enlaces IMG o de imagen, ni frames con las p\u00e1ginas del portal de paraty.es sin la previa autorizaci\u00f3n expresa de la empresa.<\/li>\n<li>Salvo aquellos signos que formen parte del hiperenlace, la p\u00e1gina web en la que se establezca no contendr\u00e1 ninguna marca, nombre comercial, r\u00f3tulo de establecimiento, denominaci\u00f3n, logotipo, eslogan u otros signos distintivos pertenecientes a la empresa.<\/li>\n<li>El establecimiento del hiperenlace no implicar\u00e1 la existencia de relaciones entre la empresa y el titular de la p\u00e1gina web o del portal desde el cual se realice, ni que la empresa haya autorizado el hiperenlace o supervisado, conocido, aceptado o asumido los servicios y contenidos ofrecidos en dicho portal.<\/li>\n<\/ul>\n<p><b>La empresa<\/b> no comercializa, ni controla previamente, ni hace propios los contenidos, servicios e informaciones disponibles en dichas p\u00e1ginas web, no siendo responsable de los mismos ni de las informaciones y manifestaciones que se incluyan en ellas.<\/p>\n<p><b>La empresa<\/b> no es responsable tampoco por los da\u00f1os y perjuicios de toda clase que pudieran derivarse del acceso, mantenimiento, uso, calidad, licitud, fiabilidad y utilidad de los contenidos, informaciones, comunicaciones, manifestaciones, productos y servicios existentes u ofrecidos en las p\u00e1ginas web no gestionadas por si mismo.<\/p>\n<p><b>8. General<\/b><\/p>\n<p>La empresa se reserva, sin necesidad de previo aviso y en cualquier momento, el derecho a suspender temporalmente el acceso a su p\u00e1gina web y a efectuar las modificaciones que considere oportunas de la p\u00e1gina, de los servicios o informaciones ofrecidas, de la presentaci\u00f3n o localizaci\u00f3n de las misma y de las condiciones de acceso y uso de la p\u00e1gina web de la empresa. Toda la informaci\u00f3n que se reciba en esta p\u00e1gina web se considerar\u00e1 cedida a la empresa a t\u00edtulo gratuito. El correo electr\u00f3nico no ser\u00e1 considerado como medio v\u00e1lido a los efectos de presentaci\u00f3n de reclamaciones. Para ello deber\u00e1n dirigirse a la siguiente direcci\u00f3n: CALLE DEL PELIGRO, 11 TORREMOLINOS (29620), M\u00e1laga, Espa\u00f1a que indicar\u00e1 en cada caso los cauces a seguir.<\/p>\n<p>Todas las cuestiones relativas a la p\u00e1gina web de la empresa se rigen por la legislaci\u00f3n espa\u00f1ola y se someten a la jurisdicci\u00f3n de los Juzgados y Tribunales de M\u00e1laga, con renuncia a cualquier fuero que pudiera corresponder.<\/p>\n\t\t\t\t\t\t<\/div>\n\t\t\t\t<\/div>\n\t\t\t\t\t<\/div>\n\t\t<\/div>\n\t\t\t\t\t\t\t<\/div>\n\t\t<\/section>\n\t\t\t\t\t<\/div>\n\t\t<\/div>\n\t\t\t\t\t\t\t<\/div>\n\t\t<\/section>\n\t\t\t\t\t\t\t<\/div>\n\t\t","protected":false},"excerpt":{"rendered":"<p>Privacy Policy Esta p\u00e1gina web es propiedad de COSTA PIEL 2019 SL, con\u00a0CIF n\u00famero B93717171,\u00a0Inscrita en el Registro Mercantil de M\u00e1laga al tomo _____ libro __. Secci\u00f3n de Sociedades Limitadas, Folio ___, Hoja ___. El acceso y el uso de la P\u00e1gina web dela empresa quedar\u00e1 sujeto a las presentes condiciones generales. La utilizaci\u00f3n en &#8230; <a title=\"Privacy Policy\" class=\"read-more\" href=\"https:\/\/hotelperladelsur.com\/en\/privacy-policy\/\" aria-label=\"More on Privacy Policy\">Read more<\/a><\/p>\n","protected":false},"author":1,"featured_media":0,"parent":0,"menu_order":0,"comment_status":"closed","ping_status":"closed","template":"","meta":[],"_links":{"self":[{"href":"https:\/\/hotelperladelsur.com\/en\/wp-json\/wp\/v2\/pages\/1090"}],"collection":[{"href":"https:\/\/hotelperladelsur.com\/en\/wp-json\/wp\/v2\/pages"}],"about":[{"href":"https:\/\/hotelperladelsur.com\/en\/wp-json\/wp\/v2\/types\/page"}],"author":[{"embeddable":true,"href":"https:\/\/hotelperladelsur.com\/en\/wp-json\/wp\/v2\/users\/1"}],"replies":[{"embeddable":true,"href":"https:\/\/hotelperladelsur.com\/en\/wp-json\/wp\/v2\/comments?post=1090"}],"version-history":[{"count":1,"href":"https:\/\/hotelperladelsur.com\/en\/wp-json\/wp\/v2\/pages\/1090\/revisions"}],"predecessor-version":[{"id":1091,"href":"https:\/\/hotelperladelsur.com\/en\/wp-json\/wp\/v2\/pages\/1090\/revisions\/1091"}],"wp:attachment":[{"href":"https:\/\/hotelperladelsur.com\/en\/wp-json\/wp\/v2\/media?parent=1090"}],"curies":[{"name":"wp","href":"https:\/\/api.w.org\/{rel}","templated":true}]}}