{"id":1088,"date":"2021-07-30T10:10:24","date_gmt":"2021-07-30T10:10:24","guid":{"rendered":"https:\/\/hotelperladelsur.com\/cookies-policy\/"},"modified":"2021-07-30T10:10:24","modified_gmt":"2021-07-30T10:10:24","slug":"cookies-policy","status":"publish","type":"page","link":"https:\/\/hotelperladelsur.com\/en\/cookies-policy\/","title":{"rendered":"Cookies policy"},"content":{"rendered":"\t\t<div data-elementor-type=\"wp-page\" data-elementor-id=\"1088\" class=\"elementor elementor-1088 elementor-53\" data-elementor-post-type=\"page\">\n\t\t\t\t\t\t\t\t\t<section class=\"elementor-section elementor-top-section elementor-element elementor-element-3179e3f3 elementor-section-boxed elementor-section-height-default elementor-section-height-default\" data-id=\"3179e3f3\" data-element_type=\"section\" data-settings=\"{&quot;background_background&quot;:&quot;classic&quot;}\">\n\t\t\t\t\t\t\t<div class=\"elementor-background-overlay\"><\/div>\n\t\t\t\t\t\t\t<div class=\"elementor-container elementor-column-gap-default\">\n\t\t\t\t\t<div class=\"elementor-column elementor-col-100 elementor-top-column elementor-element elementor-element-404e16a3\" data-id=\"404e16a3\" data-element_type=\"column\">\n\t\t\t<div class=\"elementor-widget-wrap elementor-element-populated\">\n\t\t\t\t\t\t\t\t<div class=\"elementor-element elementor-element-2df15ca7 elementor-widget elementor-widget-heading\" data-id=\"2df15ca7\" data-element_type=\"widget\" data-widget_type=\"heading.default\">\n\t\t\t\t<div class=\"elementor-widget-container\">\n\t\t\t<style>\/*! elementor - v3.14.0 - 26-06-2023 *\/\n.elementor-heading-title{padding:0;margin:0;line-height:1}.elementor-widget-heading .elementor-heading-title[class*=elementor-size-]>a{color:inherit;font-size:inherit;line-height:inherit}.elementor-widget-heading .elementor-heading-title.elementor-size-small{font-size:15px}.elementor-widget-heading .elementor-heading-title.elementor-size-medium{font-size:19px}.elementor-widget-heading .elementor-heading-title.elementor-size-large{font-size:29px}.elementor-widget-heading .elementor-heading-title.elementor-size-xl{font-size:39px}.elementor-widget-heading .elementor-heading-title.elementor-size-xxl{font-size:59px}<\/style><h1 class=\"elementor-heading-title elementor-size-default\"><strong>Cookies policy<\/strong><\/h1>\t\t<\/div>\n\t\t\t\t<\/div>\n\t\t\t\t\t<\/div>\n\t\t<\/div>\n\t\t\t\t\t\t\t<\/div>\n\t\t<\/section>\n\t\t\t\t<section class=\"elementor-section elementor-top-section elementor-element elementor-element-5c78576a elementor-section-boxed elementor-section-height-default elementor-section-height-default\" data-id=\"5c78576a\" data-element_type=\"section\" data-settings=\"{&quot;background_background&quot;:&quot;classic&quot;}\">\n\t\t\t\t\t\t<div class=\"elementor-container elementor-column-gap-default\">\n\t\t\t\t\t<div class=\"elementor-column elementor-col-100 elementor-top-column elementor-element elementor-element-747f728\" data-id=\"747f728\" data-element_type=\"column\">\n\t\t\t<div class=\"elementor-widget-wrap elementor-element-populated\">\n\t\t\t\t\t\t\t\t<section class=\"elementor-section elementor-inner-section elementor-element elementor-element-623859e1 elementor-section-boxed elementor-section-height-default elementor-section-height-default\" data-id=\"623859e1\" data-element_type=\"section\">\n\t\t\t\t\t\t<div class=\"elementor-container elementor-column-gap-default\">\n\t\t\t\t\t<div class=\"elementor-column elementor-col-100 elementor-inner-column elementor-element elementor-element-40c0c5bd\" data-id=\"40c0c5bd\" data-element_type=\"column\">\n\t\t\t<div class=\"elementor-widget-wrap elementor-element-populated\">\n\t\t\t\t\t\t\t\t<div class=\"elementor-element elementor-element-67435ad2 elementor-widget elementor-widget-text-editor\" data-id=\"67435ad2\" data-element_type=\"widget\" data-widget_type=\"text-editor.default\">\n\t\t\t\t<div class=\"elementor-widget-container\">\n\t\t\t<style>\/*! elementor - v3.14.0 - 26-06-2023 *\/\n.elementor-widget-text-editor.elementor-drop-cap-view-stacked .elementor-drop-cap{background-color:#69727d;color:#fff}.elementor-widget-text-editor.elementor-drop-cap-view-framed .elementor-drop-cap{color:#69727d;border:3px solid;background-color:transparent}.elementor-widget-text-editor:not(.elementor-drop-cap-view-default) .elementor-drop-cap{margin-top:8px}.elementor-widget-text-editor:not(.elementor-drop-cap-view-default) .elementor-drop-cap-letter{width:1em;height:1em}.elementor-widget-text-editor .elementor-drop-cap{float:left;text-align:center;line-height:1;font-size:50px}.elementor-widget-text-editor .elementor-drop-cap-letter{display:inline-block}<\/style>\t\t\t\t<p><strong>\u00bfQU\u00c9 ES UNA COOKIE?<\/strong><br \/>Una cookie es un fichero que se descarga en el ordenador\/smartphone\/tablet del usuario al acceder a determinadas p\u00e1ginas web para almacenar y recuperar informaci\u00f3n sobre la navegaci\u00f3n que se efect\u00faa desde dicho equipo.<\/p>\n<p>T\u00e9cnicamente, las cookies son trozos de datos arbitrarios definidos por el servidor web y enviados al navegador. El navegador los devuelve al servidor sin modificar, reflejando as\u00ed un estado (memoria de eventos anteriores) en las transacciones HTTP, que de otra manera ser\u00edan independientes de ese estado.<\/p>\n<p>Sin las cookies, cada petici\u00f3n de una p\u00e1gina web o un componente de una p\u00e1gina web ser\u00eda un evento aislado, sin ninguna relaci\u00f3n con el resto de peticiones de otras p\u00e1ginas del mismo sitio. Pero devolviendo una cookie al servidor web, el navegador proporciona al servidor un medio para relacionar la solicitud de la p\u00e1gina actual con solicitudes de p\u00e1ginas anteriores. Adem\u00e1s de ser definidas por un servidor web, las cookies tambi\u00e9n pueden ser definidas por un script en un lenguaje como JavaScript, si \u00e9ste est\u00e1 soportado y habilitado en el navegador web.<\/p>\n<p>Las especificaciones de cookies sugieren que los navegadores deben soportar un n\u00famero m\u00ednimo de cookies o una cantidad m\u00ednima de memoria para almacenarlas. En concreto, se espera que un navegador sea capaz de almacenar al menos 300 cookies de 4 kilobytes cada una y al menos 20 cookies por servidor o dominio.<\/p>\n<p>El servidor que establece la cookie puede especificar una fecha de borrado, en cuyo caso la cookie ser\u00e1 borrada en esa fecha. Un sitio de compras podr\u00eda querer ayudar a clientes potenciales recordando las cosas que hab\u00eda en su cesta de la compra, incluso si cierran el navegador sin realizar la compra y vuelven m\u00e1s tarde, para evitar que tengan que buscar los productos de nuevo. En ese caso, el servidor crear\u00eda una cookie con fecha de borrado seg\u00fan el deseo del dise\u00f1ador del sitio web. Si no se define una fecha de borrado, la cookies borrada cuando el usuario cierra su navegador. Por lo tanto, definir una fecha de borrado es una manera de hacer que la cookie sobreviva entre sesiones. Por esta raz\u00f3n, las cookies con fecha de borrado se llaman persistentes.<\/p>\n<p>Para conocer m\u00e1s informaci\u00f3n sobre las cookies, le sugerimos que pueda acceder al siguiente enlace: http:\/\/www.iabspain.net\/privacidadeninternet\/usuario.<\/p>\n<p><b>TIPOS DE COOKIES<br \/><\/b>Hay diferentes tipos de cookies. Todos ellos trabajan de la misma manera, pero tienen peque\u00f1as diferencias:<\/p>\n<p>Cookies de Sesi\u00f3n. Las cookies de sesi\u00f3n duran solamente por la duraci\u00f3n de tu visita y se borran cuando cierras el navegador. Su finalidad principal es identificar el tipo de dispositivo, apoyar la seguridad sitio web o su funcionalidad b\u00e1sica. No contienen informaci\u00f3n personal que nos permita identificar a una persona.<br \/>Cookies Persistentes o Permanentes: Se almacenan en el disco duro del dispositivo y nuestra web las lee cada vez que realizas una nueva visita a COSTA PIEL 2019 SL; posee una fecha de caducidad o expiraci\u00f3n determinada, cumplida la cual la cookie deja de funcionar. Nos permiten identificar tus acciones y preferencias; analizar las visitas y nos ayudan a comprender c\u00f3mo llegan los usuarios a nuestra p\u00e1gina y mejorar nuestros servicios.<br \/>Cookies de Funcionalidad: Permiten a COSTA PIEL 2019 SL recordar decisiones adoptadas por el usuario, como su login o identificador. La informaci\u00f3n de estas cookies recogen se anonimiza (es decir, no contiene ni tu nombre, direcci\u00f3n, u otros datos).<br \/>Cookies de Terceros. Las cookies de terceros son las cookies que instala un sitio web que no es el que est\u00e1s visitando; por ejemplo, las usadas por redes sociales (como Facebook) o por complementos externos de contenido (como Google Maps). Adem\u00e1s, algunas empresas de publicidad usan este tipo de archivos para realizar un seguimiento de tus visitas en cada sitio en el que se anuncian.<br \/>Cookies Anal\u00edticas: Son cookies que tienen por finalidad el mantenimiento peri\u00f3dico y garantizar el mejor funcionamiento y servicio al usuario; recopilando datos de tu actividad.<\/p>\n<p><b>USO DE COOKIES POR PARTE DE: COSTA PIEL 2019 SL<br \/><\/b>Mediante el acceso a COSTA PIEL 2019 SL, aceptas de manera expresa que podamos usar este tipo de cookies en tus dispositivos. Si desactivas las cookies, puede que tu navegaci\u00f3n por COSTA PIEL 2019 SL no sea \u00f3ptima y algunas de las utilidades que dispone COSTA PIEL 2019 SL no funcionen correctamente.<\/p>\n<p><b>COOKIES DE TERCEROS. COOKIES DE GOOGLE ANALYTICS<\/b><br \/>El sitio utiliza el servicio Google Analytics, que es prestado por Google, Inc., entidad cuya oficina principal est\u00e1 en 1600 Amphitheatre Parkway, Mountain View (California), CA 94043, Estados Unidos (\u201cGoogle\u201d).<\/p>\n<p>Google Analytics utiliza cookies para ayudarnos a analizar el uso que hacen los usuarios del sitio. La informaci\u00f3n que genera la cookie acerca de tu uso del sitio (incluyendo tu direcci\u00f3n IP) ser\u00e1 directamente transmitida y archivada por Google en sus servidores de Estados Unidos. Google usar\u00e1 esta informaci\u00f3n por cuenta nuestra con el prop\u00f3sito de seguir la pista de tu uso del sitio, recopilando informes de la actividad del sitio y prestando otros servicios relacionados con la actividad del sitio y el uso de Internet. El buscador Google podr\u00e1 transmitir dicha informaci\u00f3n a terceros cuando as\u00ed se lo requiera la legislaci\u00f3n, o cuando dichos terceros procesen la informaci\u00f3n por cuenta de Google. Google no asociar\u00e1 tu direcci\u00f3n IP con ning\u00fan otro dato del que disponga Google.<\/p>\n<p>Si lo deseas puedes rechazar el tratamiento de los datos o la informaci\u00f3n rechazando el uso de cookies mediante la selecci\u00f3n de la configuraci\u00f3n apropiada de tu navegador. Sin embargo, si lo haces, puede ser que no puedas usar la plena funcionabilidad de este sitio. Al utilizar este sitio consientes el tratamiento tu informaci\u00f3n por Google en la forma y para los fines arriba indicados.<\/p>\n<p>Nombre de las cookies:<br \/>_utma<br \/>_utmb<br \/>_utmc<br \/>_utmv<br \/>_utmz<\/p>\n<p>Prop\u00f3sito de las cookies:<\/p>\n<p>Estas cookies de Google Analytics generan un ID de usuario an\u00f3nimo, que es el que se utiliza para hacer un recuento de cuantas veces visita Empresa1 el usuario. Tambi\u00e9n registra cuando fue la primera y la \u00faltima vez que visit\u00f3 la web. Asimismo, calcula cuando se ha terminado una sesi\u00f3n, origen de usuario y keyword.<\/p>\n<p><b>CONFIGURACI\u00d3N DEL USUARIO PARA EVITAR COOKIES<\/b><br \/>Desde COSTA PIEL 2019 SL y en cumplimiento de la normativa legal vigente, ponemos a tu disposici\u00f3n la informaci\u00f3n que te permita configurar tu navegador\/navegadores de Internet para mantener tu privacidad y seguridad en relaci\u00f3n a las cookies. Por ello, te facilitamos la informaci\u00f3n y enlaces a los sitos de soporte oficiales de los principales navegadores para que puedas decidir si deseas o no aceptar el uso de cookies.<\/p>\n<p>As\u00ed, puedes bloquear las cookies a trav\u00e9s de las herramientas de configuraci\u00f3n del navegador o bien puedes configurar tu navegador para que te avise cuando un servidor quiera guardar una cookie:<\/p>\n<p>Si utilizas Microsoft Internet Explorer, en la opci\u00f3n de men\u00fa Herramientas &gt; Opciones de Internet &gt; Privacidad &gt; Configuraci\u00f3n. Para saber m\u00e1s visita http:\/\/windows.microsoft.com\/es-es\/windows-vista\/block-or-allow-cookies y http:\/\/windows.microsoft.com\/es-es\/windows7\/how-to-manage-cookies-in-internet-expl orer-9.<br \/>Si utilizas Firefox, en la opci\u00f3n de men\u00fa Herramientas &gt; Opciones &gt; Privacidad &gt; Cookies. Para saber m\u00e1s visita https:\/\/support.mozilla.org\/es\/kb\/habilitar-y-deshabilitar-cookies-que-los-sitios -web<\/p>\n\t\t\t\t\t\t<\/div>\n\t\t\t\t<\/div>\n\t\t\t\t\t<\/div>\n\t\t<\/div>\n\t\t\t\t\t\t\t<\/div>\n\t\t<\/section>\n\t\t\t\t\t<\/div>\n\t\t<\/div>\n\t\t\t\t\t\t\t<\/div>\n\t\t<\/section>\n\t\t\t\t\t\t\t<\/div>\n\t\t","protected":false},"excerpt":{"rendered":"<p>Cookies policy \u00bfQU\u00c9 ES UNA COOKIE?Una cookie es un fichero que se descarga en el ordenador\/smartphone\/tablet del usuario al acceder a determinadas p\u00e1ginas web para almacenar y recuperar informaci\u00f3n sobre la navegaci\u00f3n que se efect\u00faa desde dicho equipo. T\u00e9cnicamente, las cookies son trozos de datos arbitrarios definidos por el servidor web y enviados al navegador. &#8230; <a title=\"Cookies policy\" class=\"read-more\" href=\"https:\/\/hotelperladelsur.com\/en\/cookies-policy\/\" aria-label=\"More on Cookies policy\">Read more<\/a><\/p>\n","protected":false},"author":1,"featured_media":0,"parent":0,"menu_order":0,"comment_status":"closed","ping_status":"closed","template":"","meta":[],"_links":{"self":[{"href":"https:\/\/hotelperladelsur.com\/en\/wp-json\/wp\/v2\/pages\/1088"}],"collection":[{"href":"https:\/\/hotelperladelsur.com\/en\/wp-json\/wp\/v2\/pages"}],"about":[{"href":"https:\/\/hotelperladelsur.com\/en\/wp-json\/wp\/v2\/types\/page"}],"author":[{"embeddable":true,"href":"https:\/\/hotelperladelsur.com\/en\/wp-json\/wp\/v2\/users\/1"}],"replies":[{"embeddable":true,"href":"https:\/\/hotelperladelsur.com\/en\/wp-json\/wp\/v2\/comments?post=1088"}],"version-history":[{"count":1,"href":"https:\/\/hotelperladelsur.com\/en\/wp-json\/wp\/v2\/pages\/1088\/revisions"}],"predecessor-version":[{"id":1089,"href":"https:\/\/hotelperladelsur.com\/en\/wp-json\/wp\/v2\/pages\/1088\/revisions\/1089"}],"wp:attachment":[{"href":"https:\/\/hotelperladelsur.com\/en\/wp-json\/wp\/v2\/media?parent=1088"}],"curies":[{"name":"wp","href":"https:\/\/api.w.org\/{rel}","templated":true}]}}